{"id":38384,"date":"2018-10-25T17:34:23","date_gmt":"2018-10-25T17:34:23","guid":{"rendered":"https:\/\/spanatureestrie.com\/?page_id=38384"},"modified":"2024-11-04T10:05:42","modified_gmt":"2024-11-04T14:05:42","slug":"nous-joindre","status":"publish","type":"page","link":"https:\/\/spanatureestrie.com\/fr\/nous-joindre\/","title":{"rendered":"Nous joindre"},"content":{"rendered":"<div data-elementor-type=\"wp-page\" data-elementor-id=\"38384\" class=\"elementor elementor-38384\">\n\t\t\t\t\t\t<section class=\"elementor-section elementor-top-section elementor-element elementor-element-52cdba8 elementor-section-full_width elementor-section-height-default elementor-section-height-default elementor-invisible\" data-id=\"52cdba8\" data-element_type=\"section\" data-settings=\"{&quot;animation&quot;:&quot;fadeIn&quot;}\">\n\t\t\t\t\t\t<div class=\"elementor-container elementor-column-gap-no\">\n\t\t\t\t\t<div class=\"elementor-column elementor-col-100 elementor-top-column elementor-element elementor-element-672386b4\" data-id=\"672386b4\" data-element_type=\"column\">\n\t\t\t<div class=\"elementor-widget-wrap elementor-element-populated\">\n\t\t\t\t\t\t<div class=\"elementor-element elementor-element-2e3db059 elementor-widget elementor-widget-google_maps\" data-id=\"2e3db059\" data-element_type=\"widget\" data-widget_type=\"google_maps.default\">\n\t\t\t\t<div class=\"elementor-widget-container\">\n\t\t\t\t\t\t\t<div class=\"elementor-custom-embed\">\n\t\t\t<iframe loading=\"lazy\"\n\t\t\t\t\tdata-src=\"https:\/\/maps.google.com\/maps?q=52%20chemin%20du%20P%C3%A8re-Roy%2C%20Saint-Herm%C3%A9n%C3%A9gilde%2C%20Qu%C3%A9bec%20&#038;t=m&#038;z=13&#038;output=embed&#038;iwloc=near\"\n\t\t\t\t\ttitle=\"52 chemin du P\u00e8re-Roy, Saint-Herm\u00e9n\u00e9gilde, Qu\u00e9bec \"\n\t\t\t\t\taria-label=\"52 chemin du P\u00e8re-Roy, Saint-Herm\u00e9n\u00e9gilde, Qu\u00e9bec \"\n\t\t\t src=\"data:image\/gif;base64,R0lGODlhAQABAAAAACH5BAEKAAEALAAAAAABAAEAAAICTAEAOw==\" class=\"lazyload\" data-load-mode=\"1\"><\/iframe>\n\t\t<\/div>\n\t\t\t\t\t\t<\/div>\n\t\t\t\t<\/div>\n\t\t\t\t\t<\/div>\n\t\t<\/div>\n\t\t\t\t\t<\/div>\n\t\t<\/section>\n\t\t<div class=\"elementor-element elementor-element-cac67d1 e-flex e-con-boxed e-con e-parent\" data-id=\"cac67d1\" data-element_type=\"container\">\n\t\t\t\t\t<div class=\"e-con-inner\">\n\t\t\t\t\t<\/div>\n\t\t\t\t<\/div>\n\t\t\t\t<section class=\"elementor-section elementor-top-section elementor-element elementor-element-5506308b elementor-section-boxed elementor-section-height-default elementor-section-height-default elementor-invisible\" data-id=\"5506308b\" data-element_type=\"section\" data-settings=\"{&quot;animation&quot;:&quot;fadeIn&quot;}\">\n\t\t\t\t\t\t<div class=\"elementor-container elementor-column-gap-default\">\n\t\t\t\t\t<div class=\"elementor-column elementor-col-100 elementor-top-column elementor-element elementor-element-4168f2f2\" data-id=\"4168f2f2\" data-element_type=\"column\">\n\t\t\t<div class=\"elementor-widget-wrap elementor-element-populated\">\n\t\t\t\t\t\t<div class=\"elementor-element elementor-element-c6cd5ad elementor-widget elementor-widget-spacer\" data-id=\"c6cd5ad\" data-element_type=\"widget\" data-widget_type=\"spacer.default\">\n\t\t\t\t<div class=\"elementor-widget-container\">\n\t\t\t\t\t\t\t<div class=\"elementor-spacer\">\n\t\t\t<div class=\"elementor-spacer-inner\"><\/div>\n\t\t<\/div>\n\t\t\t\t\t\t<\/div>\n\t\t\t\t<\/div>\n\t\t\t\t<section class=\"elementor-section elementor-inner-section elementor-element elementor-element-664f6661 elementor-section-boxed elementor-section-height-default elementor-section-height-default\" data-id=\"664f6661\" data-element_type=\"section\">\n\t\t\t\t\t\t<div class=\"elementor-container elementor-column-gap-default\">\n\t\t\t\t\t<div class=\"elementor-column elementor-col-33 elementor-inner-column elementor-element elementor-element-345099ed\" data-id=\"345099ed\" data-element_type=\"column\">\n\t\t\t<div class=\"elementor-widget-wrap elementor-element-populated\">\n\t\t\t\t\t\t<div class=\"elementor-element elementor-element-4cae542 elementor-widget elementor-widget-heading\" data-id=\"4cae542\" data-element_type=\"widget\" data-widget_type=\"heading.default\">\n\t\t\t\t<div class=\"elementor-widget-container\">\n\t\t\t\t\t<h1 class=\"elementor-heading-title elementor-size-default\">Nous joindre<\/h1>\t\t\t\t<\/div>\n\t\t\t\t<\/div>\n\t\t\t\t<div class=\"elementor-element elementor-element-488a8a63 elementor-widget-divider--view-line elementor-widget elementor-widget-divider\" data-id=\"488a8a63\" data-element_type=\"widget\" data-widget_type=\"divider.default\">\n\t\t\t\t<div class=\"elementor-widget-container\">\n\t\t\t\t\t\t\t<div class=\"elementor-divider\">\n\t\t\t<span class=\"elementor-divider-separator\">\n\t\t\t\t\t\t<\/span>\n\t\t<\/div>\n\t\t\t\t\t\t<\/div>\n\t\t\t\t<\/div>\n\t\t\t\t<div class=\"elementor-element elementor-element-e9b2318 elementor-widget elementor-widget-heading\" data-id=\"e9b2318\" data-element_type=\"widget\" data-widget_type=\"heading.default\">\n\t\t\t\t<div class=\"elementor-widget-container\">\n\t\t\t\t\t<p class=\"elementor-heading-title elementor-size-default\">Avant de r\u00e9server, avez-vous des questions ? Contactez-nous, et nous vous r\u00e9pondrons rapidement.<\/p>\t\t\t\t<\/div>\n\t\t\t\t<\/div>\n\t\t\t\t<div class=\"elementor-element elementor-element-9598923 animated-fast elementor-button-align-stretch elementor-invisible elementor-widget elementor-widget-WpRentals_Contact_Form_Builder\" data-id=\"9598923\" data-element_type=\"widget\" data-settings=\"{&quot;_animation&quot;:&quot;fadeIn&quot;}\" data-widget_type=\"WpRentals_Contact_Form_Builder.default\">\n\t\t\t\t<div class=\"elementor-widget-container\">\n\t\t\t\t\t\n\n\n\n\n\t\t\t<form class=\"elementor-form wprentals_elementor_form\"  id=\"wprentals-elementor-form-9598923\" method=\"post\" action=\"\" >\n            <div id=\"booking_form_request_mess_modal\"><\/div>\n\n            <input name=\"prop_id\" type=\"hidden\"  id=\"contact_form_elementor\" value=\"1\">\n            <input type=\"hidden\" name=\"contact_ajax_nonce\" id=\"agent_property_ajax_nonce\"  value=\"df5ae3232e\" \/>\n\n            <input type=\"hidden\" id=\"elementor_email_subject\" name=\"email_suject\" value=\"New message from SpaNatureEstrie.com\" \/>\n\n\t\t\t\t\t\t<div class=\"elementor-form-fields-wrapper elementor-labels-above\">\n\t\t\t\t\t\t\t\t<div class=\"elementor-field-group elementor-column form-group elementor-field-group-name elementor-col-50\"><label for=\"form-field-name\" class=\"elementor-field-label elementor-screen-only\">Nom<\/label><input type=\"text\" name=\"name\" id=\"rentals_contact_builder_name\" class=\"elementor-field form-control elementor-size-sm elementor-field-textual\" placeholder=\"Nom\"><\/div><div class=\"elementor-field-group elementor-column form-group elementor-field-group-f4d50a1 elementor-col-50\"><label for=\"form-field-f4d50a1\" class=\"elementor-field-label elementor-screen-only\">T\u00e9l\u00e9phone<\/label><input type=\"text\" name=\"phone\" id=\"rentals_contact_builder_phone\" class=\"elementor-field form-control elementor-size-sm elementor-field-textual\" placeholder=\"T\u00e9l\u00e9phone\"><\/div><div class=\"elementor-field-group elementor-column form-group elementor-field-group-email elementor-field-required elementor-col-100\"><label for=\"form-field-email\" class=\"elementor-field-label elementor-screen-only\">E-mail*<\/label><input type=\"email\" name=\"email\" id=\"rentals_contact_builder_email\" class=\"elementor-field form-control elementor-size-sm elementor-field-textual\" required=\"required\" placeholder=\"E-mail\"><\/div><div class=\"elementor-field-group elementor-column form-group elementor-field-group-booking_from_date elementor-field-required elementor-col-50\"><label for=\"form-field-booking_from_date\" class=\"elementor-field-label elementor-screen-only\">Enregistrement*<\/label><input type=\"text\" name=\"booking_from_date\" id=\"rentals_contact_builder_booking_from_date\" class=\"elementor-field form-control elementor-size-sm elementor-field-textual\" required=\"required\" placeholder=\"Date d&#039;arriv\u00e9e\"><\/div><div class=\"elementor-field-group elementor-column form-group elementor-field-group-f604079 elementor-field-required elementor-col-50\"><label for=\"form-field-f604079\" class=\"elementor-field-label elementor-screen-only\">V\u00e9rifier*<\/label><input type=\"text\" name=\"booking_to_date\" id=\"rentals_contact_builder_booking_to_date\" class=\"elementor-field form-control elementor-size-sm elementor-field-textual\" required=\"required\" placeholder=\"Date de d\u00e9part\"><\/div><div class=\"elementor-field-group elementor-column form-group elementor-field-group-message elementor-col-100\"><label for=\"form-field-message\" class=\"elementor-field-label elementor-screen-only\">Message<\/label><textarea class=\"form-control elementor-field-textual elementor-field elementor-size-sm\" name=\"message\" id=\"form-field-message\" rows=\"4\" placeholder=\"Message\"><\/textarea><\/div>\n\t\t\t\t\t\t\t\t<div class=\"elementor-field-group elementor-column elementor-field-type-submit elementor-col-100\">\n\t\t\t\t\t\t\t\t\t\t\t\t\t\t\t\t\t\t<button type=\"submit\" class=\"agent_submit_class_elementor wpresidence_button wprentals_button_elementor elementor-button elementor-size-md\">\n\t\t\t\t\t\t\t\t\t\t\t\t\t\t\t\t\t\t\t\t\t\t\t\tEnvoyer un e-mail\t\t\t\t\t\t\t\t\t\t\t\t\t\t\t\t\t\t\t\t<\/button>\n\n\t\t\t\t\t\t\t\t<\/div>\n\t\t\t\t\t\t<\/div>\n\n\n\n\t\t\t\t<input type=\"hidden\" name=\"trp-form-language\" value=\"fr\"\/><\/form>\n        <script>\n\n            jQuery(document).ready(function() {\n           \n                jQuery('input[name=\"booking_from_date\"]').each(function(){             \n                    var item_parent =   jQuery(this).parent().parent();\n                    var in_date     =   item_parent.find('input[name=\"booking_from_date\"]') .attr('id');\n                    var out_date    =   item_parent.find('input[name=\"booking_to_date\"]') .attr('id');\n                    console.log('in_date : '+in_date +\" out_date \"+out_date);\n                    wpestaste_check_in_out_enable_new(in_date, out_date);\n                    \n                });\n                wprentals_elementor_submit_form();\n            });\n        <\/script>\n\n\n\n    \t\t\t\t<\/div>\n\t\t\t\t<\/div>\n\t\t\t\t\t<\/div>\n\t\t<\/div>\n\t\t\t\t<div class=\"elementor-column elementor-col-33 elementor-inner-column elementor-element elementor-element-36411df4\" data-id=\"36411df4\" data-element_type=\"column\">\n\t\t\t<div class=\"elementor-widget-wrap\">\n\t\t\t\t\t\t\t<\/div>\n\t\t<\/div>\n\t\t\t\t<div class=\"elementor-column elementor-col-33 elementor-inner-column elementor-element elementor-element-64fafff4\" data-id=\"64fafff4\" data-element_type=\"column\">\n\t\t\t<div class=\"elementor-widget-wrap elementor-element-populated\">\n\t\t\t\t\t\t<section class=\"elementor-section elementor-inner-section elementor-element elementor-element-225061f elementor-section-boxed elementor-section-height-default elementor-section-height-default\" data-id=\"225061f\" data-element_type=\"section\">\n\t\t\t\t\t\t<div class=\"elementor-container elementor-column-gap-default\">\n\t\t\t\t\t<div class=\"elementor-column elementor-col-100 elementor-inner-column elementor-element elementor-element-c069cac\" data-id=\"c069cac\" data-element_type=\"column\">\n\t\t\t<div class=\"elementor-widget-wrap\">\n\t\t\t\t\t\t\t<\/div>\n\t\t<\/div>\n\t\t\t\t\t<\/div>\n\t\t<\/section>\n\t\t<div class=\"elementor-element elementor-element-802ce62 e-flex e-con-boxed e-con e-parent\" data-id=\"802ce62\" data-element_type=\"container\">\n\t\t\t\t\t<div class=\"e-con-inner\">\n\t\t\t\t<div class=\"elementor-element elementor-element-4a9b52c elementor-widget elementor-widget-spacer\" data-id=\"4a9b52c\" data-element_type=\"widget\" data-widget_type=\"spacer.default\">\n\t\t\t\t<div class=\"elementor-widget-container\">\n\t\t\t\t\t\t\t<div class=\"elementor-spacer\">\n\t\t\t<div class=\"elementor-spacer-inner\"><\/div>\n\t\t<\/div>\n\t\t\t\t\t\t<\/div>\n\t\t\t\t<\/div>\n\t\t\t\t\t<\/div>\n\t\t\t\t<\/div>\n\t\t\t\t<div class=\"elementor-element elementor-element-8e9b8e0 elementor-widget elementor-widget-text-editor\" data-id=\"8e9b8e0\" data-element_type=\"widget\" data-widget_type=\"text-editor.default\">\n\t\t\t\t<div class=\"elementor-widget-container\">\n\t\t\t\t\t\t\t\t\t<p><strong>Adresse: <\/strong>52 Chemin du P\u00e8re-Roy, Saint-Herm\u00e9n\u00e9gilde, QC, J0B 2W0, Canada<\/p><p class=\"section-hero-header-title\"><strong>T\u00e9l\u00e9phone<\/strong>:\u00a0<a href=\"tel:1-514-433-3960\">1 (514) 433-3960<\/a><br \/><strong>E-mail<\/strong>: <a href=\"mailto:stephaneboily@hotmail.com\">stephaneboily@hotmail.com<\/a><\/p><p><strong>Enregistrement:<\/strong> apr\u00e8s 16h00 \u2013 <strong>V\u00e9rifier<\/strong>: avant 11h00<\/p><p>Un parking priv\u00e9 gratuit est \u00e0 la disposition des clients.<\/p>\t\t\t\t\t\t\t\t<\/div>\n\t\t\t\t<\/div>\n\t\t\t\t<div class=\"elementor-element elementor-element-e77ba8a e-grid-align-left elementor-shape-rounded elementor-grid-0 elementor-widget elementor-widget-social-icons\" data-id=\"e77ba8a\" data-element_type=\"widget\" data-widget_type=\"social-icons.default\">\n\t\t\t\t<div class=\"elementor-widget-container\">\n\t\t\t\t\t\t\t<div class=\"elementor-social-icons-wrapper elementor-grid\">\n\t\t\t\t\t\t\t<span class=\"elementor-grid-item\">\n\t\t\t\t\t<a class=\"elementor-icon elementor-social-icon elementor-social-icon-facebook-f elementor-repeater-item-4119b90\" href=\"https:\/\/www.facebook.com\/people\/Spa-Nature-Estrie\/61561823852489\/\" target=\"_blank\">\n\t\t\t\t\t\t<span class=\"elementor-screen-only\">Facebook-f<\/span>\n\t\t\t\t\t\t<svg class=\"e-font-icon-svg e-fab-facebook-f\" viewbox=\"0 0 320 512\" xmlns=\"http:\/\/www.w3.org\/2000\/svg\"><path d=\"M279.14 288l14.22-92.66h-88.91v-60.13c0-25.35 12.42-50.06 52.24-50.06h40.42V6.26S260.43 0 225.36 0c-73.22 0-121.08 44.38-121.08 124.72v70.62H22.89V288h81.39v224h100.17V288z\"><\/path><\/svg>\t\t\t\t\t<\/a>\n\t\t\t\t<\/span>\n\t\t\t\t\t\t\t<span class=\"elementor-grid-item\">\n\t\t\t\t\t<a class=\"elementor-icon elementor-social-icon elementor-social-icon-youtube elementor-repeater-item-1bf5f9e\" target=\"_blank\">\n\t\t\t\t\t\t<span class=\"elementor-screen-only\">Youtube<\/span>\n\t\t\t\t\t\t<svg class=\"e-font-icon-svg e-fab-youtube\" viewbox=\"0 0 576 512\" xmlns=\"http:\/\/www.w3.org\/2000\/svg\"><path d=\"M549.655 124.083c-6.281-23.65-24.787-42.276-48.284-48.597C458.781 64 288 64 288 64S117.22 64 74.629 75.486c-23.497 6.322-42.003 24.947-48.284 48.597-11.412 42.867-11.412 132.305-11.412 132.305s0 89.438 11.412 132.305c6.281 23.65 24.787 41.5 48.284 47.821C117.22 448 288 448 288 448s170.78 0 213.371-11.486c23.497-6.321 42.003-24.171 48.284-47.821 11.412-42.867 11.412-132.305 11.412-132.305s0-89.438-11.412-132.305zm-317.51 213.508V175.185l142.739 81.205-142.739 81.201z\"><\/path><\/svg>\t\t\t\t\t<\/a>\n\t\t\t\t<\/span>\n\t\t\t\t\t<\/div>\n\t\t\t\t\t\t<\/div>\n\t\t\t\t<\/div>\n\t\t\t\t\t<\/div>\n\t\t<\/div>\n\t\t\t\t\t<\/div>\n\t\t<\/section>\n\t\t\t\t<div class=\"elementor-element elementor-element-7a4c8897 elementor-widget elementor-widget-spacer\" data-id=\"7a4c8897\" data-element_type=\"widget\" data-widget_type=\"spacer.default\">\n\t\t\t\t<div class=\"elementor-widget-container\">\n\t\t\t\t\t\t\t<div class=\"elementor-spacer\">\n\t\t\t<div class=\"elementor-spacer-inner\"><\/div>\n\t\t<\/div>\n\t\t\t\t\t\t<\/div>\n\t\t\t\t<\/div>\n\t\t\t\t\t<\/div>\n\t\t<\/div>\n\t\t\t\t\t<\/div>\n\t\t<\/section>\n\t\t<div class=\"elementor-element elementor-element-66b000c e-flex e-con-boxed e-con e-parent\" data-id=\"66b000c\" data-element_type=\"container\">\n\t\t\t\t\t<div class=\"e-con-inner\">\n\t\t\t\t\t<\/div>\n\t\t\t\t<\/div>\n\t\t\t\t<\/div>","protected":false},"excerpt":{"rendered":"<p>Contact us Before booking, do you have some questions? Contact us, and we\u2019ll get back to you quickly. NamePhoneEmail*Check-In*Check-Out*Message Send Email Address: 52 Chemin du P\u00e8re-Roy, Saint-Herm\u00e9n\u00e9gilde, QC, J0B 2W0, Canada Phone:\u00a01 (514) 433-3960Email: stephaneboily@hotmail.com Check-in: after 16:00 pm \u2013 Check-out: before 11:00 am There is a free private parking available for guests. Facebook-f Youtube<\/p>","protected":false},"author":1,"featured_media":0,"parent":0,"menu_order":0,"comment_status":"closed","ping_status":"closed","template":"elementor_header_footer","meta":{"inline_featured_image":false,"footnotes":""},"class_list":["post-38384","page","type-page","status-publish","hentry"],"yoast_head":"<!-- This site is optimized with the Yoast SEO plugin v24.3 - https:\/\/yoast.com\/wordpress\/plugins\/seo\/ -->\n<title>Nous joindre - Spa Nature Estrie<\/title>\n<meta name=\"robots\" content=\"index, follow, max-snippet:-1, max-image-preview:large, max-video-preview:-1\" \/>\n<link rel=\"canonical\" href=\"https:\/\/spanatureestrie.com\/fr\/contact\/\" \/>\n<meta property=\"og:locale\" content=\"fr_CA\" \/>\n<meta property=\"og:type\" content=\"article\" \/>\n<meta property=\"og:title\" content=\"Nous joindre - Spa Nature Estrie\" \/>\n<meta property=\"og:description\" content=\"Contact us Before booking, do you have some questions? Contact us, and we\u2019ll get back to you quickly. NamePhoneEmail*Check-In*Check-Out*Message Send Email Address: 52 Chemin du P\u00e8re-Roy, Saint-Herm\u00e9n\u00e9gilde, QC, J0B 2W0, Canada Phone:\u00a01 (514) 433-3960Email: stephaneboily@hotmail.com Check-in: after 16:00 pm \u2013 Check-out: before 11:00 am There is a free private parking available for guests. Facebook-f Youtube\" \/>\n<meta property=\"og:url\" content=\"https:\/\/spanatureestrie.com\/fr\/contact\/\" \/>\n<meta property=\"og:site_name\" content=\"Spa Nature Estrie\" \/>\n<meta property=\"article:modified_time\" content=\"2024-11-04T14:05:42+00:00\" \/>\n<meta name=\"twitter:card\" content=\"summary_large_image\" \/>\n<script type=\"application\/ld+json\" class=\"yoast-schema-graph\">{\"@context\":\"https:\/\/schema.org\",\"@graph\":[{\"@type\":\"WebPage\",\"@id\":\"https:\/\/spanatureestrie.com\/contact\/\",\"url\":\"https:\/\/spanatureestrie.com\/contact\/\",\"name\":\"Nous joindre - Spa Nature Estrie\",\"isPartOf\":{\"@id\":\"https:\/\/spanatureestrie.com\/#website\"},\"datePublished\":\"2018-10-25T17:34:23+00:00\",\"dateModified\":\"2024-11-04T14:05:42+00:00\",\"breadcrumb\":{\"@id\":\"https:\/\/spanatureestrie.com\/contact\/#breadcrumb\"},\"inLanguage\":\"fr-CA\",\"potentialAction\":[{\"@type\":\"ReadAction\",\"target\":[\"https:\/\/spanatureestrie.com\/contact\/\"]}]},{\"@type\":\"BreadcrumbList\",\"@id\":\"https:\/\/spanatureestrie.com\/contact\/#breadcrumb\",\"itemListElement\":[{\"@type\":\"ListItem\",\"position\":1,\"name\":\"Home\",\"item\":\"https:\/\/spanatureestrie.com\/\"},{\"@type\":\"ListItem\",\"position\":2,\"name\":\"Contact Us\"}]},{\"@type\":\"WebSite\",\"@id\":\"https:\/\/spanatureestrie.com\/#website\",\"url\":\"https:\/\/spanatureestrie.com\/\",\"name\":\"Spa Nature Estrie\",\"description\":\"\",\"potentialAction\":[{\"@type\":\"SearchAction\",\"target\":{\"@type\":\"EntryPoint\",\"urlTemplate\":\"https:\/\/spanatureestrie.com\/?s={search_term_string}\"},\"query-input\":{\"@type\":\"PropertyValueSpecification\",\"valueRequired\":true,\"valueName\":\"search_term_string\"}}],\"inLanguage\":\"fr-CA\"}]}<\/script>\n<!-- \/ Yoast SEO plugin. -->","yoast_head_json":{"title":"Nous joindre - Spa Nature Estrie","robots":{"index":"index","follow":"follow","max-snippet":"max-snippet:-1","max-image-preview":"max-image-preview:large","max-video-preview":"max-video-preview:-1"},"canonical":"https:\/\/spanatureestrie.com\/fr\/contact\/","og_locale":"fr_CA","og_type":"article","og_title":"Nous joindre - Spa Nature Estrie","og_description":"Contact us Before booking, do you have some questions? Contact us, and we\u2019ll get back to you quickly. NamePhoneEmail*Check-In*Check-Out*Message Send Email Address: 52 Chemin du P\u00e8re-Roy, Saint-Herm\u00e9n\u00e9gilde, QC, J0B 2W0, Canada Phone:\u00a01 (514) 433-3960Email: stephaneboily@hotmail.com Check-in: after 16:00 pm \u2013 Check-out: before 11:00 am There is a free private parking available for guests. Facebook-f Youtube","og_url":"https:\/\/spanatureestrie.com\/fr\/contact\/","og_site_name":"Spa Nature Estrie","article_modified_time":"2024-11-04T14:05:42+00:00","twitter_card":"summary_large_image","schema":{"@context":"https:\/\/schema.org","@graph":[{"@type":"WebPage","@id":"https:\/\/spanatureestrie.com\/contact\/","url":"https:\/\/spanatureestrie.com\/contact\/","name":"Nous joindre - Spa Nature Estrie","isPartOf":{"@id":"https:\/\/spanatureestrie.com\/#website"},"datePublished":"2018-10-25T17:34:23+00:00","dateModified":"2024-11-04T14:05:42+00:00","breadcrumb":{"@id":"https:\/\/spanatureestrie.com\/contact\/#breadcrumb"},"inLanguage":"fr-CA","potentialAction":[{"@type":"ReadAction","target":["https:\/\/spanatureestrie.com\/contact\/"]}]},{"@type":"BreadcrumbList","@id":"https:\/\/spanatureestrie.com\/contact\/#breadcrumb","itemListElement":[{"@type":"ListItem","position":1,"name":"Home","item":"https:\/\/spanatureestrie.com\/"},{"@type":"ListItem","position":2,"name":"Contact Us"}]},{"@type":"WebSite","@id":"https:\/\/spanatureestrie.com\/#website","url":"https:\/\/spanatureestrie.com\/","name":"Spa Nature Estrie","description":"","potentialAction":[{"@type":"SearchAction","target":{"@type":"EntryPoint","urlTemplate":"https:\/\/spanatureestrie.com\/?s={search_term_string}"},"query-input":{"@type":"PropertyValueSpecification","valueRequired":true,"valueName":"search_term_string"}}],"inLanguage":"fr-CA"}]}},"_links":{"self":[{"href":"https:\/\/spanatureestrie.com\/fr\/wp-json\/wp\/v2\/pages\/38384","targetHints":{"allow":["GET"]}}],"collection":[{"href":"https:\/\/spanatureestrie.com\/fr\/wp-json\/wp\/v2\/pages"}],"about":[{"href":"https:\/\/spanatureestrie.com\/fr\/wp-json\/wp\/v2\/types\/page"}],"author":[{"embeddable":true,"href":"https:\/\/spanatureestrie.com\/fr\/wp-json\/wp\/v2\/users\/1"}],"replies":[{"embeddable":true,"href":"https:\/\/spanatureestrie.com\/fr\/wp-json\/wp\/v2\/comments?post=38384"}],"version-history":[{"count":53,"href":"https:\/\/spanatureestrie.com\/fr\/wp-json\/wp\/v2\/pages\/38384\/revisions"}],"predecessor-version":[{"id":39812,"href":"https:\/\/spanatureestrie.com\/fr\/wp-json\/wp\/v2\/pages\/38384\/revisions\/39812"}],"wp:attachment":[{"href":"https:\/\/spanatureestrie.com\/fr\/wp-json\/wp\/v2\/media?parent=38384"}],"curies":[{"name":"wp","href":"https:\/\/api.w.org\/{rel}","templated":true}]}}