{"id":37290,"date":"2021-09-02T08:52:13","date_gmt":"2021-09-02T08:52:13","guid":{"rendered":"https:\/\/solo.wprentals.org\/?page_id=36436"},"modified":"2024-11-04T10:59:35","modified_gmt":"2024-11-04T14:59:35","slug":"conditions-de-reservation-politique-annulation","status":"publish","type":"page","link":"https:\/\/spanatureestrie.com\/fr\/conditions-de-reservation-politique-annulation\/","title":{"rendered":"Politique de R\u00e9servation et d&#8217;Annulation"},"content":{"rendered":"<div data-elementor-type=\"wp-page\" data-elementor-id=\"37290\" class=\"elementor elementor-37290\">\n\t\t\t\t<div class=\"elementor-element elementor-element-342b2a95 e-flex e-con-boxed e-con e-parent\" data-id=\"342b2a95\" data-element_type=\"container\">\n\t\t\t\t\t<div class=\"e-con-inner\">\n\t\t\t\t<div class=\"elementor-element elementor-element-109eb90 elementor-widget elementor-widget-heading\" data-id=\"109eb90\" data-element_type=\"widget\" data-widget_type=\"heading.default\">\n\t\t\t\t<div class=\"elementor-widget-container\">\n\t\t\t\t\t<h1 class=\"elementor-heading-title elementor-size-default\">Politique de R\u00e9servation et d'Annulation<\/h1>\t\t\t\t<\/div>\n\t\t\t\t<\/div>\n\t\t\t\t<div class=\"elementor-element elementor-element-2f34607c elementor-widget elementor-widget-text-editor\" data-id=\"2f34607c\" data-element_type=\"widget\" data-widget_type=\"text-editor.default\">\n\t\t\t\t<div class=\"elementor-widget-container\">\n\t\t\t\t\t\t\t\t\t<p><strong>R\u00e9servation et Paiement<\/strong><br>Les r\u00e9servations se font exclusivement en ligne, par carte de cr\u00e9dit ou via Google Pay. Un montant de 30 % du co\u00fbt total est pr\u00e9lev\u00e9 au moment de la r\u00e9servation, et le solde est d\u00fb un mois avant la date d\u2019arriv\u00e9e. Deux jours avant l\u2019arriv\u00e9e, un d\u00e9p\u00f4t de s\u00e9curit\u00e9 de 500 $ sera gel\u00e9 sur la carte de cr\u00e9dit pour une dur\u00e9e de 7 jours. Ce montant n\u2019est pas d\u00e9bit\u00e9 mais simplement r\u00e9serv\u00e9 sur la carte du titulaire et sera automatiquement lib\u00e9r\u00e9 apr\u00e8s v\u00e9rification que le chalet n\u2019a subi aucun dommage.<\/p>\n<p><strong>Heures d'Arriv\u00e9e et de D\u00e9part<\/strong><br>L\u2019arriv\u00e9e est \u00e0 partir de 16 h, et le d\u00e9part doit se faire avant 11 h. Pour un d\u00e9part tardif ou une arriv\u00e9e anticip\u00e9e, veuillez nous contacter au pr\u00e9alable. Des frais suppl\u00e9mentaires peuvent s\u2019appliquer.<\/p>\n<p><strong>R\u00e8gles G\u00e9n\u00e9rales<\/strong><\/p>\n<ul>\n<li><strong>Non-fumeur<\/strong>: Il est strictement interdit de fumer \u00e0 l'int\u00e9rieur du chalet ou sur la v\u00e9randa. Des frais de nettoyage seront appliqu\u00e9s en cas de d\u00e9tection de fum\u00e9e ou de traces de cigarettes.<\/li>\n<li><strong>Animaux<\/strong>: Les animaux sont interdits, sauf sur autorisation pr\u00e9alable des propri\u00e9taires, laquelle n\u2019est pas garantie.<\/li>\n<li><strong>Respect du voisinage<\/strong>: Aucun \u00e9v\u00e9nement ou party n'est autoris\u00e9. Nous pr\u00f4nons la qui\u00e9tude des lieux et le respect du voisinage. En cas de plainte pour bruit excessif, cela peut \u00eatre consid\u00e9r\u00e9 comme un manquement majeur et entra\u00eener l'annulation du s\u00e9jour sans remboursement du d\u00e9p\u00f4t de s\u00e9curit\u00e9.<\/li>\n<li><strong>Outdoor Fires<\/strong>: Outdoor fires are prohibited without a prior permit from the town. Firewood is not provided.<\/li>\n<\/ul>\n<p><strong>Utilisation du Spa<\/strong><br>L\u2019utilisation du spa est permise \u00e0 vos risques et p\u00e9rils. Les enfants mineurs doivent \u00eatre accompagn\u00e9s d\u2019un adulte. Nous d\u00e9clinons toute responsabilit\u00e9 en cas d\u2019incident li\u00e9 \u00e0 l\u2019usage du spa ou des autres installations.<\/p>\n<p><strong>D\u00e9part et Entretien<\/strong><br>Avant de quitter, merci de :<\/p>\n<ol>\n<li>D\u00e9faire les draps des lits utilis\u00e9s et les laisser sur les lits.<\/li>\n<li>Faire une brass\u00e9e de lavage pour les serviettes, \u00e0 laisser dans la s\u00e9cheuse.<\/li>\n<li>Vider toutes les poubelles \u00e0 l\u2019int\u00e9rieur du chalet et les d\u00e9poser dans les bacs noirs pr\u00e8s de la remise.<\/li>\n<li>V\u00e9rifier que toutes les portes et fen\u00eatres sont ferm\u00e9es et verrouill\u00e9es, et que les lumi\u00e8res sont \u00e9teintes.<\/li>\n<\/ol>\n<p><strong>R\u00e9seau Cellulaire<\/strong><br>Le chalet \u00e9tant proche de la fronti\u00e8re am\u00e9ricaine, vos appareils peuvent se connecter aux tours am\u00e9ricaines. Pour \u00e9viter des frais suppl\u00e9mentaires d'itin\u00e9rance, veuillez d\u00e9sactiver les donn\u00e9es cellulaires avant d\u2019arriver. Configurez la fonction \u00ab appel WiFi \u00bb pour rester joignable via le r\u00e9seau WiFi du chalet.<\/p>\n<p><strong>Politique d&#039;annulation<\/strong><\/p>\n<ul>\n<li><strong>Haute Saison (15 juin - 15 octobre, 20 d\u00e9cembre - 30 mars, et jours f\u00e9ri\u00e9s)<\/strong>: Remboursement complet si l\u2019annulation ou la modification est faite plus de 30 jours avant la date d\u2019arriv\u00e9e. En cas d\u2019annulation ou de modification dans les 30 jours pr\u00e9c\u00e9dant l\u2019arriv\u00e9e, le d\u00e9p\u00f4t de 30 % est non remboursable, mais le solde de 70 % sera rembours\u00e9.<\/li>\n<li><strong>Basse Saison<\/strong>: Remboursement complet si l\u2019annulation ou la modification est faite plus de 21 jours avant la date d\u2019arriv\u00e9e. En cas d\u2019annulation ou de modification dans les 21 jours pr\u00e9c\u00e9dant l\u2019arriv\u00e9e, le d\u00e9p\u00f4t de 30 % est non remboursable, mais le solde de 70 % sera rembours\u00e9.<\/li>\n<li><strong>Modifications<\/strong>: Les m\u00eames conditions que pour les annulations s'appliquent aux demandes de modification de date.<\/li>\n<\/ul>\n<p><strong>Responsabilit\u00e9s des Voyageurs<\/strong><br>Les voyageurs sont responsables des dommages caus\u00e9s au chalet et du respect du r\u00e8glement int\u00e9rieur. Le d\u00e9p\u00f4t de s\u00e9curit\u00e9 pourra \u00eatre retenu, en partie ou en totalit\u00e9, en cas de dommages ou de manquement aux r\u00e8gles.<\/p>\n<p><strong>Responsabilit\u00e9s du Propri\u00e9taire<\/strong><br>Le propri\u00e9taire s'engage \u00e0 :<\/p>\n<ol>\n<li>Maintenir une assurance de base durant toute la dur\u00e9e de la location.<\/li>\n<li>Remettre le chalet en bon \u00e9tat de propret\u00e9 et de fonctionnement.<\/li>\n<li>Informer le locataire en cas d\u2019impossibilit\u00e9 de louer le chalet pour les dates convenues, avec remboursement int\u00e9gral du d\u00e9p\u00f4t de r\u00e9servation si n\u00e9cessaire.<\/li>\n<\/ol>\n<p><strong>D\u00e9charge de Responsabilit\u00e9<\/strong><br>Le propri\u00e9taire ne peut \u00eatre tenu responsable pour des accidents, blessures, ou pertes subies par les locataires durant leur s\u00e9jour. L\u2019usage des installations et des \u00e9quipements est fait aux risques des locataires.<\/p>\t\t\t\t\t\t\t\t<\/div>\n\t\t\t\t<\/div>\n\t\t\t\t\t<\/div>\n\t\t\t\t<\/div>\n\t\t<div class=\"elementor-element elementor-element-f496ace e-flex e-con-boxed e-con e-parent\" data-id=\"f496ace\" data-element_type=\"container\">\n\t\t\t\t\t<div class=\"e-con-inner\">\n\t\t\t\t<div class=\"elementor-element elementor-element-923d496 elementor-widget elementor-widget-spacer\" data-id=\"923d496\" data-element_type=\"widget\" data-widget_type=\"spacer.default\">\n\t\t\t\t<div class=\"elementor-widget-container\">\n\t\t\t\t\t\t\t<div class=\"elementor-spacer\">\n\t\t\t<div class=\"elementor-spacer-inner\"><\/div>\n\t\t<\/div>\n\t\t\t\t\t\t<\/div>\n\t\t\t\t<\/div>\n\t\t\t\t\t<\/div>\n\t\t\t\t<\/div>\n\t\t\t\t<\/div>","protected":false},"excerpt":{"rendered":"<p>Booking and Cancellation Terms Booking and PaymentBookings are made exclusively online, by credit card or via Google Pay. A deposit of 30% of the total cost is charged at the time of booking, and the remaining balance is due one month before the arrival date. A security deposit of $500 will be held on the &#8230;<\/p>","protected":false},"author":1,"featured_media":0,"parent":0,"menu_order":0,"comment_status":"closed","ping_status":"closed","template":"elementor_header_footer","meta":{"inline_featured_image":false,"footnotes":""},"class_list":["post-37290","page","type-page","status-publish","hentry"],"yoast_head":"<!-- This site is optimized with the Yoast SEO plugin v24.3 - https:\/\/yoast.com\/wordpress\/plugins\/seo\/ -->\n<title>Politique de R\u00e9servation et d&#039;Annulation - Spa Nature Estrie<\/title>\n<meta name=\"robots\" content=\"index, follow, max-snippet:-1, max-image-preview:large, max-video-preview:-1\" \/>\n<link rel=\"canonical\" href=\"https:\/\/spanatureestrie.com\/fr\/cancellation-policy\/\" \/>\n<meta property=\"og:locale\" content=\"fr_CA\" \/>\n<meta property=\"og:type\" content=\"article\" \/>\n<meta property=\"og:title\" content=\"Politique de R\u00e9servation et d&#039;Annulation - Spa Nature Estrie\" \/>\n<meta property=\"og:description\" content=\"Booking and Cancellation Terms Booking and PaymentBookings are made exclusively online, by credit card or via Google Pay. A deposit of 30% of the total cost is charged at the time of booking, and the remaining balance is due one month before the arrival date. A security deposit of $500 will be held on the ...\" \/>\n<meta property=\"og:url\" content=\"https:\/\/spanatureestrie.com\/fr\/cancellation-policy\/\" \/>\n<meta property=\"og:site_name\" content=\"Spa Nature Estrie\" \/>\n<meta property=\"article:modified_time\" content=\"2024-11-04T14:59:35+00:00\" \/>\n<meta name=\"twitter:card\" content=\"summary_large_image\" \/>\n<meta name=\"twitter:label1\" content=\"Estimation du temps de lecture\" \/>\n\t<meta name=\"twitter:data1\" content=\"4 minutes\" \/>\n<script type=\"application\/ld+json\" class=\"yoast-schema-graph\">{\"@context\":\"https:\/\/schema.org\",\"@graph\":[{\"@type\":\"WebPage\",\"@id\":\"https:\/\/spanatureestrie.com\/cancellation-policy\/\",\"url\":\"https:\/\/spanatureestrie.com\/cancellation-policy\/\",\"name\":\"Politique de R\u00e9servation et d'Annulation - Spa Nature Estrie\",\"isPartOf\":{\"@id\":\"https:\/\/spanatureestrie.com\/#website\"},\"datePublished\":\"2021-09-02T08:52:13+00:00\",\"dateModified\":\"2024-11-04T14:59:35+00:00\",\"breadcrumb\":{\"@id\":\"https:\/\/spanatureestrie.com\/cancellation-policy\/#breadcrumb\"},\"inLanguage\":\"fr-CA\",\"potentialAction\":[{\"@type\":\"ReadAction\",\"target\":[\"https:\/\/spanatureestrie.com\/cancellation-policy\/\"]}]},{\"@type\":\"BreadcrumbList\",\"@id\":\"https:\/\/spanatureestrie.com\/cancellation-policy\/#breadcrumb\",\"itemListElement\":[{\"@type\":\"ListItem\",\"position\":1,\"name\":\"Home\",\"item\":\"https:\/\/spanatureestrie.com\/\"},{\"@type\":\"ListItem\",\"position\":2,\"name\":\"Cancellation Policy\"}]},{\"@type\":\"WebSite\",\"@id\":\"https:\/\/spanatureestrie.com\/#website\",\"url\":\"https:\/\/spanatureestrie.com\/\",\"name\":\"Spa Nature Estrie\",\"description\":\"\",\"potentialAction\":[{\"@type\":\"SearchAction\",\"target\":{\"@type\":\"EntryPoint\",\"urlTemplate\":\"https:\/\/spanatureestrie.com\/?s={search_term_string}\"},\"query-input\":{\"@type\":\"PropertyValueSpecification\",\"valueRequired\":true,\"valueName\":\"search_term_string\"}}],\"inLanguage\":\"fr-CA\"}]}<\/script>\n<!-- \/ Yoast SEO plugin. -->","yoast_head_json":{"title":"Politique de R\u00e9servation et d'Annulation - Spa Nature Estrie","robots":{"index":"index","follow":"follow","max-snippet":"max-snippet:-1","max-image-preview":"max-image-preview:large","max-video-preview":"max-video-preview:-1"},"canonical":"https:\/\/spanatureestrie.com\/fr\/cancellation-policy\/","og_locale":"fr_CA","og_type":"article","og_title":"Politique de R\u00e9servation et d'Annulation - Spa Nature Estrie","og_description":"Booking and Cancellation Terms Booking and PaymentBookings are made exclusively online, by credit card or via Google Pay. A deposit of 30% of the total cost is charged at the time of booking, and the remaining balance is due one month before the arrival date. A security deposit of $500 will be held on the ...","og_url":"https:\/\/spanatureestrie.com\/fr\/cancellation-policy\/","og_site_name":"Spa Nature Estrie","article_modified_time":"2024-11-04T14:59:35+00:00","twitter_card":"summary_large_image","twitter_misc":{"Estimation du temps de lecture":"4 minutes"},"schema":{"@context":"https:\/\/schema.org","@graph":[{"@type":"WebPage","@id":"https:\/\/spanatureestrie.com\/cancellation-policy\/","url":"https:\/\/spanatureestrie.com\/cancellation-policy\/","name":"Politique de R\u00e9servation et d'Annulation - Spa Nature Estrie","isPartOf":{"@id":"https:\/\/spanatureestrie.com\/#website"},"datePublished":"2021-09-02T08:52:13+00:00","dateModified":"2024-11-04T14:59:35+00:00","breadcrumb":{"@id":"https:\/\/spanatureestrie.com\/cancellation-policy\/#breadcrumb"},"inLanguage":"fr-CA","potentialAction":[{"@type":"ReadAction","target":["https:\/\/spanatureestrie.com\/cancellation-policy\/"]}]},{"@type":"BreadcrumbList","@id":"https:\/\/spanatureestrie.com\/cancellation-policy\/#breadcrumb","itemListElement":[{"@type":"ListItem","position":1,"name":"Home","item":"https:\/\/spanatureestrie.com\/"},{"@type":"ListItem","position":2,"name":"Cancellation Policy"}]},{"@type":"WebSite","@id":"https:\/\/spanatureestrie.com\/#website","url":"https:\/\/spanatureestrie.com\/","name":"Spa Nature Estrie","description":"","potentialAction":[{"@type":"SearchAction","target":{"@type":"EntryPoint","urlTemplate":"https:\/\/spanatureestrie.com\/?s={search_term_string}"},"query-input":{"@type":"PropertyValueSpecification","valueRequired":true,"valueName":"search_term_string"}}],"inLanguage":"fr-CA"}]}},"_links":{"self":[{"href":"https:\/\/spanatureestrie.com\/fr\/wp-json\/wp\/v2\/pages\/37290","targetHints":{"allow":["GET"]}}],"collection":[{"href":"https:\/\/spanatureestrie.com\/fr\/wp-json\/wp\/v2\/pages"}],"about":[{"href":"https:\/\/spanatureestrie.com\/fr\/wp-json\/wp\/v2\/types\/page"}],"author":[{"embeddable":true,"href":"https:\/\/spanatureestrie.com\/fr\/wp-json\/wp\/v2\/users\/1"}],"replies":[{"embeddable":true,"href":"https:\/\/spanatureestrie.com\/fr\/wp-json\/wp\/v2\/comments?post=37290"}],"version-history":[{"count":73,"href":"https:\/\/spanatureestrie.com\/fr\/wp-json\/wp\/v2\/pages\/37290\/revisions"}],"predecessor-version":[{"id":39840,"href":"https:\/\/spanatureestrie.com\/fr\/wp-json\/wp\/v2\/pages\/37290\/revisions\/39840"}],"wp:attachment":[{"href":"https:\/\/spanatureestrie.com\/fr\/wp-json\/wp\/v2\/media?parent=37290"}],"curies":[{"name":"wp","href":"https:\/\/api.w.org\/{rel}","templated":true}]}}