{"id":3,"date":"2024-09-28T17:57:00","date_gmt":"2024-09-28T17:57:00","guid":{"rendered":"http:\/\/spanatureestrie.com\/?page_id=3"},"modified":"2024-11-04T12:45:33","modified_gmt":"2024-11-04T16:45:33","slug":"politique-de-confidentialite","status":"publish","type":"page","link":"https:\/\/spanatureestrie.com\/fr\/politique-de-confidentialite\/","title":{"rendered":"Politique de confidentialit\u00e9"},"content":{"rendered":"<div data-elementor-type=\"wp-page\" data-elementor-id=\"3\" class=\"elementor elementor-3\">\n\t\t\t\t<div class=\"elementor-element elementor-element-64da532a e-flex e-con-boxed e-con e-parent\" data-id=\"64da532a\" data-element_type=\"container\">\n\t\t\t\t\t<div class=\"e-con-inner\">\n\t\t\t\t<div class=\"elementor-element elementor-element-08b6702 elementor-widget elementor-widget-heading\" data-id=\"08b6702\" data-element_type=\"widget\" data-widget_type=\"heading.default\">\n\t\t\t\t<div class=\"elementor-widget-container\">\n\t\t\t\t\t<h2 class=\"elementor-heading-title elementor-size-default\">Politique de Confidentialit\u00e9<\/h2>\t\t\t\t<\/div>\n\t\t\t\t<\/div>\n\t\t\t\t<div class=\"elementor-element elementor-element-1bde9ddf elementor-widget elementor-widget-text-editor\" data-id=\"1bde9ddf\" data-element_type=\"widget\" data-widget_type=\"text-editor.default\">\n\t\t\t\t<div class=\"elementor-widget-container\">\n\t\t\t\t\t\t\t\t\t<p><\/p>\n<h2 class=\"wp-block-heading\">Qui sommes-nous<\/h2>\n<p><\/p>\n<p><\/p>\n<p>Our website address is: http:\/\/spanatureestrie.com.<\/p>\n<p><\/p>\n<p><\/p>\n<h2 class=\"wp-block-heading\">Commentaires<\/h2>\n<p><\/p>\n<p><\/p>\n<p>Lorsque les visiteurs laissent des commentaires sur le site, nous collectons les donn\u00e9es affich\u00e9es dans le formulaire de commentaires, ainsi que l'adresse IP du visiteur et la cha\u00eene de l'agent utilisateur du navigateur pour aider \u00e0 la d\u00e9tection du spam.<\/p>\n<p><\/p>\n<p><\/p>\n<p>Une cha\u00eene anonymis\u00e9e cr\u00e9\u00e9e \u00e0 partir de votre adresse e-mail (\u00e9galement appel\u00e9e hash) peut \u00eatre fournie au service Gravatar pour v\u00e9rifier si vous l\u2019utilisez. La politique de confidentialit\u00e9 du service Gravatar est disponible ici : https:\/\/automattic.com\/privacy\/. Apr\u00e8s approbation de votre commentaire, votre photo de profil est visible publiquement dans le contexte de votre commentaire.<\/p>\n<p><\/p>\n<p><\/p>\n<h2 class=\"wp-block-heading\">M\u00e9dias<\/h2>\n<p><\/p>\n<p><\/p>\n<p>Si vous t\u00e9l\u00e9versez des images sur le site, vous devriez \u00e9viter de t\u00e9l\u00e9verser des images contenant des donn\u00e9es de localisation int\u00e9gr\u00e9es (EXIF GPS). Les visiteurs du site peuvent t\u00e9l\u00e9charger et extraire les donn\u00e9es de localisation des images pr\u00e9sentes sur le site.<\/p>\n<p><\/p>\n<p><\/p>\n<h2 class=\"wp-block-heading\">T\u00e9moins\/cookies<\/h2>\n<p><\/p>\n<p><\/p>\n<p>Si vous laissez un commentaire sur notre site, vous pouvez choisir d'enregistrer votre nom, votre adresse e-mail et votre site web dans des cookies. Cela est propos\u00e9 pour votre confort afin que vous n'ayez pas \u00e0 saisir de nouveau vos informations lorsque vous laissez un autre commentaire. Ces cookies dureront un an.<\/p>\n<p><\/p>\n<p><\/p>\n<p>Si vous visitez notre page de connexion, nous placerons un cookie temporaire pour d\u00e9terminer si votre navigateur accepte les cookies. Ce cookie ne contient aucune donn\u00e9e personnelle et est supprim\u00e9 lorsque vous fermez votre navigateur.<\/p>\n<p><\/p>\n<p><\/p>\n<p>Lorsque vous vous connectez, nous mettons \u00e9galement en place plusieurs cookies pour enregistrer vos informations de connexion et vos pr\u00e9f\u00e9rences d'affichage de l'\u00e9cran. Les cookies de connexion durent deux jours et les cookies d'options d'affichage durent un an. Si vous s\u00e9lectionnez \u00ab Se souvenir de moi \u00bb, votre connexion persistera pendant deux semaines. Si vous vous d\u00e9connectez de votre compte, les cookies de connexion seront supprim\u00e9s.<\/p>\n<p><\/p>\n<p><\/p>\n<p>Si vous modifiez ou publiez un article, un cookie suppl\u00e9mentaire sera enregistr\u00e9 dans votre navigateur. Ce cookie ne contient aucune donn\u00e9e personnelle et indique simplement l'ID de l'article que vous venez de modifier. Il expire apr\u00e8s 1 jour.<\/p>\n<p><\/p>\n<p><\/p>\n<h2 class=\"wp-block-heading\">Contenu int\u00e9gr\u00e9 provenant d'autres sites web<\/h2>\n<p><\/p>\n<p><\/p>\n<p>Les articles de ce site peuvent inclure du contenu int\u00e9gr\u00e9 (par exemple des vid\u00e9os, images, articles, etc.). Le contenu int\u00e9gr\u00e9 provenant d'autres sites web se comporte de la m\u00eame mani\u00e8re que si le visiteur avait visit\u00e9 l'autre site.<\/p>\n<p><\/p>\n<p><\/p>\n<p>Ces sites web peuvent collecter des donn\u00e9es vous concernant, utiliser des cookies, int\u00e9grer un suivi suppl\u00e9mentaire par des tiers, et surveiller votre interaction avec ce contenu int\u00e9gr\u00e9, y compris si vous avez un compte et \u00eates connect\u00e9 \u00e0 ce site.<\/p>\n<p><\/p>\n<p><\/p>\n<h2 class=\"wp-block-heading\">Avec qui nous partageons vos donn\u00e9es<\/h2>\n<p><\/p>\n<p><\/p>\n<p>Si vous demandez une r\u00e9initialisation de mot de passe, votre adresse IP sera incluse dans l'email de r\u00e9initialisation.<\/p>\n<p><\/p>\n<p><\/p>\n<h2 class=\"wp-block-heading\">Combien de temps nous conservons vos donn\u00e9es<\/h2>\n<p><\/p>\n<p><\/p>\n<p>Si vous laissez un commentaire, le commentaire et ses m\u00e9tadonn\u00e9es sont conserv\u00e9s ind\u00e9finiment. Cela nous permet de reconna\u00eetre et d'approuver automatiquement les commentaires de suivi au lieu de les placer dans une file de mod\u00e9ration.<\/p>\n<p><\/p>\n<p><\/p>\n<p>If you leave a comment, the comment and its metadata are retained indefinitely. This allows us to recognize and automatically approve follow-up comments instead of holding them in a moderation queue.<\/p>\n<p><\/p>\n<p><\/p>\n<h2 class=\"wp-block-heading\">Quels sont vos droits sur vos donn\u00e9es<\/h2>\n<p><\/p>\n<p><\/p>\n<p>Si vous avez un compte sur ce site ou avez laiss\u00e9 des commentaires, vous pouvez demander \u00e0 recevoir un fichier export\u00e9 des donn\u00e9es personnelles que nous d\u00e9tenons \u00e0 votre sujet, y compris les donn\u00e9es que vous nous avez fournies. Vous pouvez \u00e9galement demander que nous effacions toutes les donn\u00e9es personnelles que nous d\u00e9tenons \u00e0 votre sujet. Cela n'inclut pas les donn\u00e9es que nous sommes oblig\u00e9s de conserver \u00e0 des fins administratives, l\u00e9gales ou de s\u00e9curit\u00e9.<\/p>\n<p><\/p>\n<p><\/p>\n<h2 class=\"wp-block-heading\">O\u00f9 vos donn\u00e9es sont envoy\u00e9es<\/h2>\n<p><\/p>\n<p><\/p>\n<p>Les commentaires des visiteurs peuvent \u00eatre v\u00e9rifi\u00e9s par un service automatis\u00e9 de d\u00e9tection de spam.<\/p>\n<p><\/p>\n<p>&nbsp;<\/p>\t\t\t\t\t\t\t\t<\/div>\n\t\t\t\t<\/div>\n\t\t\t\t\t<\/div>\n\t\t\t\t<\/div>\t\t<\/div>","protected":false},"excerpt":{"rendered":"<p>Privacy Policy Who we are Our website address is: http:\/\/spanatureestrie.com. Comments When visitors leave comments on the site we collect the data shown in the comments form, and also the visitor\u2019s IP address and browser user agent string to help spam detection. An anonymized string created from your email address (also called a hash) may &#8230;<\/p>","protected":false},"author":1,"featured_media":0,"parent":0,"menu_order":0,"comment_status":"closed","ping_status":"closed","template":"elementor_header_footer","meta":{"inline_featured_image":false,"footnotes":""},"class_list":["post-3","page","type-page","status-publish","hentry"],"yoast_head":"<!-- This site is optimized with the Yoast SEO plugin v24.3 - https:\/\/yoast.com\/wordpress\/plugins\/seo\/ -->\n<title>Politique de Confidentialit\u00e9 - Spa Nature Estrie<\/title>\n<meta name=\"robots\" content=\"index, follow, max-snippet:-1, max-image-preview:large, max-video-preview:-1\" \/>\n<link rel=\"canonical\" href=\"https:\/\/spanatureestrie.com\/fr\/privacy-policy\/\" \/>\n<meta property=\"og:locale\" content=\"fr_CA\" \/>\n<meta property=\"og:type\" content=\"article\" \/>\n<meta property=\"og:title\" content=\"Politique de Confidentialit\u00e9 - Spa Nature Estrie\" \/>\n<meta property=\"og:description\" content=\"Privacy Policy Who we are Our website address is: http:\/\/spanatureestrie.com. Comments When visitors leave comments on the site we collect the data shown in the comments form, and also the visitor\u2019s IP address and browser user agent string to help spam detection. An anonymized string created from your email address (also called a hash) may ...\" \/>\n<meta property=\"og:url\" content=\"https:\/\/spanatureestrie.com\/fr\/privacy-policy\/\" \/>\n<meta property=\"og:site_name\" content=\"Spa Nature Estrie\" \/>\n<meta property=\"article:modified_time\" content=\"2024-11-04T16:45:33+00:00\" \/>\n<meta name=\"twitter:card\" content=\"summary_large_image\" \/>\n<meta name=\"twitter:label1\" content=\"Estimation du temps de lecture\" \/>\n\t<meta name=\"twitter:data1\" content=\"3 minutes\" \/>\n<script type=\"application\/ld+json\" class=\"yoast-schema-graph\">{\"@context\":\"https:\/\/schema.org\",\"@graph\":[{\"@type\":\"WebPage\",\"@id\":\"https:\/\/spanatureestrie.com\/privacy-policy\/\",\"url\":\"https:\/\/spanatureestrie.com\/privacy-policy\/\",\"name\":\"Politique de Confidentialit\u00e9 - Spa Nature Estrie\",\"isPartOf\":{\"@id\":\"https:\/\/spanatureestrie.com\/#website\"},\"datePublished\":\"2024-09-28T17:57:00+00:00\",\"dateModified\":\"2024-11-04T16:45:33+00:00\",\"breadcrumb\":{\"@id\":\"https:\/\/spanatureestrie.com\/privacy-policy\/#breadcrumb\"},\"inLanguage\":\"fr-CA\",\"potentialAction\":[{\"@type\":\"ReadAction\",\"target\":[\"https:\/\/spanatureestrie.com\/privacy-policy\/\"]}]},{\"@type\":\"BreadcrumbList\",\"@id\":\"https:\/\/spanatureestrie.com\/privacy-policy\/#breadcrumb\",\"itemListElement\":[{\"@type\":\"ListItem\",\"position\":1,\"name\":\"Home\",\"item\":\"https:\/\/spanatureestrie.com\/\"},{\"@type\":\"ListItem\",\"position\":2,\"name\":\"Privacy Policy\"}]},{\"@type\":\"WebSite\",\"@id\":\"https:\/\/spanatureestrie.com\/#website\",\"url\":\"https:\/\/spanatureestrie.com\/\",\"name\":\"Spa Nature Estrie\",\"description\":\"\",\"potentialAction\":[{\"@type\":\"SearchAction\",\"target\":{\"@type\":\"EntryPoint\",\"urlTemplate\":\"https:\/\/spanatureestrie.com\/?s={search_term_string}\"},\"query-input\":{\"@type\":\"PropertyValueSpecification\",\"valueRequired\":true,\"valueName\":\"search_term_string\"}}],\"inLanguage\":\"fr-CA\"}]}<\/script>\n<!-- \/ Yoast SEO plugin. -->","yoast_head_json":{"title":"Politique de Confidentialit\u00e9 - Spa Nature Estrie","robots":{"index":"index","follow":"follow","max-snippet":"max-snippet:-1","max-image-preview":"max-image-preview:large","max-video-preview":"max-video-preview:-1"},"canonical":"https:\/\/spanatureestrie.com\/fr\/privacy-policy\/","og_locale":"fr_CA","og_type":"article","og_title":"Politique de Confidentialit\u00e9 - Spa Nature Estrie","og_description":"Privacy Policy Who we are Our website address is: http:\/\/spanatureestrie.com. Comments When visitors leave comments on the site we collect the data shown in the comments form, and also the visitor\u2019s IP address and browser user agent string to help spam detection. An anonymized string created from your email address (also called a hash) may ...","og_url":"https:\/\/spanatureestrie.com\/fr\/privacy-policy\/","og_site_name":"Spa Nature Estrie","article_modified_time":"2024-11-04T16:45:33+00:00","twitter_card":"summary_large_image","twitter_misc":{"Estimation du temps de lecture":"3 minutes"},"schema":{"@context":"https:\/\/schema.org","@graph":[{"@type":"WebPage","@id":"https:\/\/spanatureestrie.com\/privacy-policy\/","url":"https:\/\/spanatureestrie.com\/privacy-policy\/","name":"Politique de Confidentialit\u00e9 - Spa Nature Estrie","isPartOf":{"@id":"https:\/\/spanatureestrie.com\/#website"},"datePublished":"2024-09-28T17:57:00+00:00","dateModified":"2024-11-04T16:45:33+00:00","breadcrumb":{"@id":"https:\/\/spanatureestrie.com\/privacy-policy\/#breadcrumb"},"inLanguage":"fr-CA","potentialAction":[{"@type":"ReadAction","target":["https:\/\/spanatureestrie.com\/privacy-policy\/"]}]},{"@type":"BreadcrumbList","@id":"https:\/\/spanatureestrie.com\/privacy-policy\/#breadcrumb","itemListElement":[{"@type":"ListItem","position":1,"name":"Home","item":"https:\/\/spanatureestrie.com\/"},{"@type":"ListItem","position":2,"name":"Privacy Policy"}]},{"@type":"WebSite","@id":"https:\/\/spanatureestrie.com\/#website","url":"https:\/\/spanatureestrie.com\/","name":"Spa Nature Estrie","description":"","potentialAction":[{"@type":"SearchAction","target":{"@type":"EntryPoint","urlTemplate":"https:\/\/spanatureestrie.com\/?s={search_term_string}"},"query-input":{"@type":"PropertyValueSpecification","valueRequired":true,"valueName":"search_term_string"}}],"inLanguage":"fr-CA"}]}},"_links":{"self":[{"href":"https:\/\/spanatureestrie.com\/fr\/wp-json\/wp\/v2\/pages\/3","targetHints":{"allow":["GET"]}}],"collection":[{"href":"https:\/\/spanatureestrie.com\/fr\/wp-json\/wp\/v2\/pages"}],"about":[{"href":"https:\/\/spanatureestrie.com\/fr\/wp-json\/wp\/v2\/types\/page"}],"author":[{"embeddable":true,"href":"https:\/\/spanatureestrie.com\/fr\/wp-json\/wp\/v2\/users\/1"}],"replies":[{"embeddable":true,"href":"https:\/\/spanatureestrie.com\/fr\/wp-json\/wp\/v2\/comments?post=3"}],"version-history":[{"count":15,"href":"https:\/\/spanatureestrie.com\/fr\/wp-json\/wp\/v2\/pages\/3\/revisions"}],"predecessor-version":[{"id":39852,"href":"https:\/\/spanatureestrie.com\/fr\/wp-json\/wp\/v2\/pages\/3\/revisions\/39852"}],"wp:attachment":[{"href":"https:\/\/spanatureestrie.com\/fr\/wp-json\/wp\/v2\/media?parent=3"}],"curies":[{"name":"wp","href":"https:\/\/api.w.org\/{rel}","templated":true}]}}